{"id":8978,"date":"2022-01-20T12:04:38","date_gmt":"2022-01-20T10:04:38","guid":{"rendered":"https:\/\/labiosthetique.ee\/makse-ja-tarneviisid\/"},"modified":"2023-01-16T23:47:22","modified_gmt":"2023-01-16T21:47:22","slug":"makse-ja-tarneviisid","status":"publish","type":"page","link":"https:\/\/labiosthetique.ee\/fi\/makse-ja-tarneviisid\/","title":{"rendered":"Makse ja tarneviisid"},"content":{"rendered":"<div class=\"wpb-content-wrapper\"><p>[vc_row][vc_column][vc_empty_space height=&#8221;60px&#8221;][vc_column_text]<\/p>\n<h1>Makse ja tarneviisid<\/h1>\n<p>&nbsp;<\/p>\n<p><strong>MAKSEV\u00d5IMALUSED<\/strong><\/p>\n<p>Arveldame\u00a0ainult valuutas\u00a0Euro\u00a0nii kohapeal kui meie e-poes.<\/p>\n<p>Lisateave maksmisviiside kohta: Tellimuse k\u00e4ttesaamisel meie esinduses (Kaarli pst 8, 10142 Tallinn) saab maksta Sularahas \/ Krediit- ja Deebetkaartidega VISA, MasterCard, Maestro Palun j\u00e4lgige esinduse lahtiolekuajad.<\/p>\n<p>Arvega (panga\u00fclekanne):<br \/>\nMontblanc Kosmeetika O\u00dc<br \/>\nReg. nr. 12359485<br \/>\nKMKR: EE101581172<br \/>\na\/a: SEB Pank AS IBAN-EE141010220255884223<\/p>\n<p>E-poes tellimuse sooritamisel pankalinki kaudu: Peale tellimuse esitamist klikige soovitud pangalingile, mis suunab Teid valitud internetipanka: Swedbank, SEB,\u00a0 Luminor, LHV v\u00f5i Coop Pank.<\/p>\n<p>Sisestage oma kasutajatunnus ja paroolid ning sisenege internetipanka. Internetipangas n\u00e4ete juba t\u00e4idetud maksekorraldust, kus on kirjas summa, mis kuulub tasumisele\u00a0<strong>labiosthetique.ee<\/strong>\u00a0ostetud toodete eest. Kinnitage v\u00f5i t\u00fchistage maksekorraldus.<\/p>\n<p>Montblanc Kosmeetika O\u00dc on isikuandmete vastutav t\u00f6\u00f6tleja, edastame maksete<br \/>\nteostamiseks vajalikud isikuandmed volitatud t\u00f6\u00f6tlejale Maksekeskus AS-le.<\/p>\n<p>&nbsp;<\/p>\n<p><strong>TOODETE KOHALETOIMETAMINE JA \u00dcLEANDMINE<\/strong><\/p>\n<p>Tasuta kohaletoimetamise minimaalne tellimuse summa on Eestis 42 eurot, Soomes &#8211; 90 eurot, L\u00e4tis &#8211; 60 eurot.<\/p>\n<p>Tellimused, mis on esitatud ja mille eest ettemaks on laekunud Montblanc Kosmeetika O\u00dc arvelduskontole t\u00f6\u00f6p\u00e4evadel enne kella 13.00, saab Ostja k\u00e4tte juba j\u00e4rgmisel t\u00f6\u00f6p\u00e4eval v\u00f5i vastavalt tootekaardile m\u00e4rgitud tarneajale.<\/p>\n<p>Saartel v\u00f5ib kohaletoimetamine aega v\u00f5tta kuni 3 p\u00e4eva.<\/p>\n<p>Meie tarnepartnerid on: Smartpost Estonia, Omniva Estonia, DPD Shops Estonia[\/vc_column_text][vc_empty_space height=&#8221;60px&#8221;][\/vc_column][\/vc_row]<\/p>\n<\/div>","protected":false},"excerpt":{"rendered":"<p>[vc_row][vc_column][vc_empty_space height=&#8221;60px&#8221;][vc_column_text] Makse ja tarneviisid &nbsp; MAKSEV\u00d5IMALUSED Arveldame\u00a0ainult valuutas\u00a0Euro\u00a0nii kohapeal kui meie e-poes. Lisateave maksmisviiside kohta: Tellimuse k\u00e4ttesaamisel meie esinduses (Kaarli pst 8, 10142 Tallinn) saab maksta Sularahas \/ Krediit- ja Deebetkaartidega VISA, MasterCard, Maestro Palun j\u00e4lgige esinduse lahtiolekuajad. Arvega (panga\u00fclekanne): Montblanc Kosmeetika O\u00dc Reg. nr. 12359485 KMKR: EE101581172 a\/a: SEB Pank AS IBAN-EE141010220255884223 E-poes &hellip;<\/p>\n","protected":false},"author":1,"featured_media":0,"parent":0,"menu_order":0,"comment_status":"closed","ping_status":"closed","template":"","meta":{"footnotes":""},"class_list":["post-8978","page","type-page","status-publish","hentry"],"_links":{"self":[{"href":"https:\/\/labiosthetique.ee\/fi\/wp-json\/wp\/v2\/pages\/8978","targetHints":{"allow":["GET"]}}],"collection":[{"href":"https:\/\/labiosthetique.ee\/fi\/wp-json\/wp\/v2\/pages"}],"about":[{"href":"https:\/\/labiosthetique.ee\/fi\/wp-json\/wp\/v2\/types\/page"}],"author":[{"embeddable":true,"href":"https:\/\/labiosthetique.ee\/fi\/wp-json\/wp\/v2\/users\/1"}],"replies":[{"embeddable":true,"href":"https:\/\/labiosthetique.ee\/fi\/wp-json\/wp\/v2\/comments?post=8978"}],"version-history":[{"count":0,"href":"https:\/\/labiosthetique.ee\/fi\/wp-json\/wp\/v2\/pages\/8978\/revisions"}],"wp:attachment":[{"href":"https:\/\/labiosthetique.ee\/fi\/wp-json\/wp\/v2\/media?parent=8978"}],"curies":[{"name":"wp","href":"https:\/\/api.w.org\/{rel}","templated":true}]}}