{"id":8949,"date":"2022-01-18T21:51:52","date_gmt":"2022-01-18T19:51:52","guid":{"rendered":"https:\/\/labiosthetique.ee\/botanique-pure-nature\/"},"modified":"2022-01-20T12:41:02","modified_gmt":"2022-01-20T10:41:02","slug":"botanique-pure-nature","status":"publish","type":"page","link":"https:\/\/labiosthetique.ee\/fi\/botanique-pure-nature\/","title":{"rendered":"BOTANIQUE Pure Nature"},"content":{"rendered":"<div class=\"wpb-content-wrapper\"><p>[vc_row][vc_column][vc_single_image image=&#8221;7785&#8243; img_size=&#8221;full&#8221; alignment=&#8221;center&#8221;][vc_empty_space height=&#8221;60px&#8221;][vc_column_text]<\/p>\n<h1 style=\"text-align: center;\">BOTANIQUE Pure Nature \u2013 100 % Looduslik kosmeetika<\/h1>\n<p>[\/vc_column_text][vc_empty_space height=&#8221;60px&#8221;][\/vc_column][\/vc_row][vc_row][vc_column width=&#8221;1\/2&#8243;][vc_column_text]Uus La Biosthetique liin BOTANIQUE PURE NATURE austab looduse v\u00f5imu: naha- ja juuksehooldustooted saavutavad oma toime t\u00e4nu ainu\u00fcksi v\u00e4\u00e4rtuslikele taimeessentsidele.<\/p>\n<p>BOTANIQUE Pure Nature koosneb kolmest liinist:[\/vc_column_text][vc_empty_space height=&#8221;15px&#8221;][vc_message color=&#8221;success&#8221; message_box_style=&#8221;classic&#8221; message_box_color=&#8221;alert-info&#8221; style=&#8221;rounded&#8221;]GENTLE \/ \u00d5RN &#8211; Rahustav, pehme ja kosutav<br \/>\n\u2022 \u00d5rnalt reguleerib naha mikrotsirkulatsiooni<br \/>\n\u2022 Kaitseb vabade radikaalide eest<br \/>\n\u2022 Niisutab<br \/>\n\u2022 Anti-oks\u00fcdatiivne[\/vc_message][vc_message color=&#8221;success&#8221; message_box_style=&#8221;classic&#8221; message_box_color=&#8221;alert-info&#8221; style=&#8221;rounded&#8221;]BALANCING\/TASAKAALUSTAV &#8211; Parf\u00fc\u00fcmivaba<br \/>\n\u2022 Niisutab<br \/>\n\u2022 Rahustab t\u00e4nu vitamiinidele, mineraalidele ja pol\u00fcsahhariididele[\/vc_message][vc_message color=&#8221;success&#8221; message_box_style=&#8221;classic&#8221; message_box_color=&#8221;alert-info&#8221; style=&#8221;rounded&#8221;]INTENSE \/ INTENSIIVNE &#8211; Aktiveeriv, toniseeriv<br \/>\n\u2022 Parandab olukorda juuste folliikulite kaudu t\u00e4nu peptiididele, mineraalidele ja<br \/>\nsuhkrukomponentidele<br \/>\n\u2022 Toidab ja hoiab juukseid ja peanahka[\/vc_message][\/vc_column][vc_column width=&#8221;1\/2&#8243;][vc_single_image image=&#8221;7782&#8243; img_size=&#8221;full&#8221;][\/vc_column][\/vc_row][vc_row][vc_column][vc_empty_space height=&#8221;30px&#8221;][vc_single_image image=&#8221;7807&#8243; img_size=&#8221;full&#8221; alignment=&#8221;center&#8221;][\/vc_column][\/vc_row][vc_row][vc_column width=&#8221;1\/2&#8243;][vc_empty_space height=&#8221;30px&#8221;][vc_single_image image=&#8221;7795&#8243; img_size=&#8221;full&#8221;][\/vc_column][vc_column width=&#8221;1\/2&#8243;][vc_empty_space height=&#8221;30px&#8221;][vc_column_text]<\/p>\n<h1 style=\"text-align: left;\">4 sertifikaati:<\/h1>\n<p>[\/vc_column_text][vc_empty_space height=&#8221;15px&#8221;][vc_column_text]ICEA &#8211; 100% sertifitseeritud loodulik kosmeetika \u2013 Pure Nature The Environmental and Ethical Certification Institute m\u00e4\u00e4ratleb Euroopas looduslike kosmeetikatoodete \u00fchtsed standardid.<\/p>\n<p>100% VEGAN \u2013 K\u00f5ik tooted on registreeritud Vegan Society&#8217;is ja on t\u00e4ielikult vabad loomse p\u00e4ritoluga koostisosadest ja geneetiliselt muundatud taimedest.<\/p>\n<p>100% HALAL \u2013 Halal-sertifitseeritud kosmeetikavahendid ei sisalda alkohooli ega loomseid koostisosi. Kogu tootmise ja toodangu suhtes kohaldatakse rangeid eetika ja h\u00fcgieenin\u00f5udeid.<\/p>\n<p>GSR \u2013 100% Global Social Responsibility. \u00dcleilmne sotsiaalse vastutuse ikoon on antud La Biosthetique&#8217;ile ja illustreerib panust, mida La Biosthetique teeb inimkonna, keskkonna, innovatsiooni, majanduskasvu ja hariduse seisukohast tervikuna.[\/vc_column_text][vc_empty_space height=&#8221;30px&#8221;][vc_message color=&#8221;success&#8221; message_box_style=&#8221;classic&#8221; message_box_color=&#8221;alert-info&#8221; style=&#8221;rounded&#8221;]Silikoonivaba? Crambe \u00f5li merikapsast on looduslik alternatiiv silikoon\u00f5lile[\/vc_message][vc_message color=&#8221;success&#8221; message_box_style=&#8221;classic&#8221; message_box_color=&#8221;alert-info&#8221; style=&#8221;rounded&#8221;]Sulfaadivaba? Pehmed taimsed tensiidid kookose\u00f5list,suhkrust ja kaera aminohapetest[\/vc_message][vc_message color=&#8221;success&#8221; message_box_style=&#8221;classic&#8221; message_box_color=&#8221;alert-info&#8221; style=&#8221;rounded&#8221;]Parafinivaba? Parimad taimsed \u00f5lid ja vahad (jojoba\u00f5li)[\/vc_message][vc_message color=&#8221;success&#8221; message_box_style=&#8221;classic&#8221; message_box_color=&#8221;alert-info&#8221; style=&#8221;rounded&#8221;]Parabeenide vaba? Looduslik kosmeetika s\u00e4ilitusained[\/vc_message][\/vc_column][\/vc_row][vc_row][vc_column][vc_empty_space height=&#8221;60px&#8221;][vc_column_text]<\/p>\n<h1 style=\"text-align: left;\">BOTANIQUE Pure Nature tooted<\/h1>\n<p>[\/vc_column_text][vc_empty_space height=&#8221;15px&#8221;]<div class=\"nm-product-slider col-4\" data-slides-to-show=\"4\" data-slides-to-scroll=\"4\" data-slides-to-show-mobile=\"1\" data-arrows=\"true\"><div class=\"woocommerce columns-4 \"><\/div><\/div>[vc_empty_space height=&#8221;60px&#8221;][\/vc_column][\/vc_row]<\/p>\n<\/div>","protected":false},"excerpt":{"rendered":"<p>[vc_row][vc_column][vc_single_image image=&#8221;7785&#8243; img_size=&#8221;full&#8221; alignment=&#8221;center&#8221;][vc_empty_space height=&#8221;60px&#8221;][vc_column_text] BOTANIQUE Pure Nature \u2013 100 % Looduslik kosmeetika [\/vc_column_text][vc_empty_space height=&#8221;60px&#8221;][\/vc_column][\/vc_row][vc_row][vc_column width=&#8221;1\/2&#8243;][vc_column_text]Uus La Biosthetique liin BOTANIQUE PURE NATURE austab looduse v\u00f5imu: naha- ja juuksehooldustooted saavutavad oma toime t\u00e4nu ainu\u00fcksi v\u00e4\u00e4rtuslikele taimeessentsidele. BOTANIQUE Pure Nature koosneb kolmest liinist:[\/vc_column_text][vc_empty_space height=&#8221;15px&#8221;][vc_message color=&#8221;success&#8221; message_box_style=&#8221;classic&#8221; message_box_color=&#8221;alert-info&#8221; style=&#8221;rounded&#8221;]GENTLE \/ \u00d5RN &#8211; Rahustav, pehme ja kosutav \u2022 \u00d5rnalt &hellip;<\/p>\n","protected":false},"author":1,"featured_media":0,"parent":0,"menu_order":0,"comment_status":"closed","ping_status":"closed","template":"","meta":{"footnotes":""},"class_list":["post-8949","page","type-page","status-publish","hentry"],"_links":{"self":[{"href":"https:\/\/labiosthetique.ee\/fi\/wp-json\/wp\/v2\/pages\/8949","targetHints":{"allow":["GET"]}}],"collection":[{"href":"https:\/\/labiosthetique.ee\/fi\/wp-json\/wp\/v2\/pages"}],"about":[{"href":"https:\/\/labiosthetique.ee\/fi\/wp-json\/wp\/v2\/types\/page"}],"author":[{"embeddable":true,"href":"https:\/\/labiosthetique.ee\/fi\/wp-json\/wp\/v2\/users\/1"}],"replies":[{"embeddable":true,"href":"https:\/\/labiosthetique.ee\/fi\/wp-json\/wp\/v2\/comments?post=8949"}],"version-history":[{"count":0,"href":"https:\/\/labiosthetique.ee\/fi\/wp-json\/wp\/v2\/pages\/8949\/revisions"}],"wp:attachment":[{"href":"https:\/\/labiosthetique.ee\/fi\/wp-json\/wp\/v2\/media?parent=8949"}],"curies":[{"name":"wp","href":"https:\/\/api.w.org\/{rel}","templated":true}]}}