{"id":8937,"date":"2022-01-18T21:50:35","date_gmt":"2022-01-18T19:50:35","guid":{"rendered":"https:\/\/labiosthetique.ee\/muugitingimused\/"},"modified":"2023-01-12T22:00:01","modified_gmt":"2023-01-12T20:00:01","slug":"muugitingimused","status":"publish","type":"page","link":"https:\/\/labiosthetique.ee\/fi\/muugitingimused\/","title":{"rendered":"M\u00fc\u00fcgitingimused"},"content":{"rendered":"<div class=\"wpb-content-wrapper\"><p>[vc_row][vc_column][vc_column_text]<\/p>\n<h1>M\u00dc\u00dcGITINGIMUSED<\/h1>\n<p>&nbsp;<\/p>\n<p><strong>MAKSEV\u00d5IMALUSED<\/strong><\/p>\n<p>Arveldame\u00a0ainult valuutas\u00a0Euro\u00a0nii kohapeal kui meie e-poes.<\/p>\n<p>Lisateave maksmisviiside kohta: Tellimuse k\u00e4ttesaamisel meie esinduses (Kaarli pst 8, 10142 Tallinn) saab maksta Sularahas \/ Krediit- ja Deebetkaartidega VISA, MasterCard, Maestro Palun j\u00e4lgige esinduse lahtiolekuajad.<\/p>\n<p>Arvega (panga\u00fclekanne):<br \/>\nMontblanc Kosmeetika O\u00dc<br \/>\nReg. nr. 12359485<br \/>\nKMKR: EE101581172<br \/>\na\/a: SEB Pank AS IBAN-EE141010220255884223<\/p>\n<p>E-poes tellimuse sooritamisel pankalinki kaudu: Peale tellimuse esitamist klikige soovitud pangalingile, mis suunab Teid valitud internetipanka: Swedbank, SEB,\u00a0 Luminor, LHV v\u00f5i Coop Pank.<\/p>\n<p>Sisestage oma kasutajatunnus ja paroolid ning sisenege internetipanka. Internetipangas n\u00e4ete juba t\u00e4idetud maksekorraldust, kus on kirjas summa, mis kuulub tasumisele\u00a0<strong>labiosthetique.ee<\/strong> ostetud toodete eest. Kinnitage v\u00f5i t\u00fchistage maksekorraldus.<\/p>\n<p>Montblanc Kosmeetika O\u00dc on isikuandmete vastutav t\u00f6\u00f6tleja, edastame maksete<br \/>\nteostamiseks vajalikud isikuandmed volitatud t\u00f6\u00f6tlejale ESTO.<\/p>\n<p>&nbsp;<\/p>\n<p><strong>1.M\u00fc\u00fcgitingimuste kehtivus ja ulatus<\/strong><\/p>\n<p>1.1.\u00a0\u00a0 \u00a0K\u00e4esolevad M\u00fc\u00fcgitingimused kehtivad www.labiosthetique.ee veebikaubamaja klientide (edaspidi Ostja) ja Montblanc Kosmeetika O\u00dc (kes on kaubam\u00e4rgi La Biosthetique ametlik esindaja Eestis) vahel kauba (edaspidi Toode\/Tooted) veebikaubamajas ostmisel tekkivate \u00f5iguste ja kohustuste kohta.<\/p>\n<p>1.2.\u00a0\u00a0 \u00a0Lisaks k\u00e4esolevatele tingimustele reguleerivad www.labiosthetique.ee veebikaubamajast Toodete ostmisel tekkivaid \u00f5igussuhteid Eesti Vabariigis kehtivad \u00f5igusaktid.<\/p>\n<p>1.3.\u00a0\u00a0 Montblanc Kosmeetika O\u00dc j\u00e4tab endale \u00f5iguse teha muudatusi m\u00fc\u00fcgitingimustes ja m\u00fc\u00fcgihindades ning nimetatud muudatusi kajastatakse Montblanc Kosmeetika O\u00dc veebilehel www.labiosthetique.ee.<\/p>\n<p>1.4.\u00a0\u00a0 \u00a0Tingimuste aktsepteerimisega kinnitab Ostja, et ta on M\u00fc\u00fcgitingimustega tutvunud, nendega n\u00f5us ja t\u00e4idab neid.<\/p>\n<p>&nbsp;<\/p>\n<ol start=\"2\">\n<li><strong> \u00a0Hinnad<\/strong><\/li>\n<\/ol>\n<p>2.1.\u00a0\u00a0 \u00a0K\u00f5ik hinnad www.labiosthetique.ee veebikaubamajas sisaldavad k\u00e4ibemaksu 20%.<\/p>\n<p>2.2.\u00a0\u00a0 \u00a0Kuvatud soodusprotsendid on \u00fcmardatud t\u00e4isarvuni.<\/p>\n<p>&nbsp;<\/p>\n<ol start=\"3\">\n<li><strong> \u00a0Tellimuste vormistamine<\/strong><\/li>\n<\/ol>\n<p>3.1.\u00a0\u00a0 \u00a0www.labiosthetique.ee veebilehek\u00fcljelt on v\u00f5imalik osta neid Tooteid, millel on nupp \u201cLisa ostukorvi\u201d. Sobiva Toote tellimiseks peab need lisama ostukorvi.<br \/>\n3.1.1.\u00a0\u00a0 \u00a0Professionaalseks kasutamiseks m\u00f5eldud tooteid saavad osta vaid Montblanc Kosmeetika O\u00dc registreeritud ja Montblanc Kosmeetika O\u00dc poolt kinnitatud iluteenindajatest \u00e4rikliendid.<\/p>\n<p>3.2.\u00a0\u00a0 \u00a0Toote hind ja saadavus v\u00f5ivad jooksvalt ja etteteatamata muutuda.<br \/>\n3.2.1.\u00a0\u00a0 \u00a0Toodete saadavust on v\u00f5imalik kontrollida vastava Toote lehek\u00fclje alalahtrist \u201cSaadavus\u201d.<br \/>\n3.2.2.\u00a0\u00a0 \u00a0Toodete hind on v\u00e4lja toodud Toote lehek\u00fcljel ning soodushinna puhul kajastub seal nii soodus- kui tavahind.<\/p>\n<p>3.3.\u00a0\u00a0 \u00a0Ostjal on v\u00f5imalik ostukorvi sisu vaadata vajutades veebilehek\u00fclje p\u00e4ises asuvale ikoonile \u201cOstukorv\u201d.<br \/>\n3.3.1.\u00a0\u00a0 \u00a0Ostukorvis olevat Toodete kogust saab muuta, kirjutades koguse lahtrisse soovitud Toodete arvu.<br \/>\n3.3.2.\u00a0\u00a0 \u00a0Tooteid saab ostukorvist eemaldada vajutades samal real asuvale \u201cristile\u201d.<\/p>\n<p>3.4.\u00a0\u00a0 \u00a0Enne tellimuse vormistamist tuleb valida sobiv tarneviis.<br \/>\n3.4.1.\u00a0\u00a0 \u00a0Alates 30 \u20ac on Toodete kohaletoimetamine Eesti piirides tasuta, v\u00e4lja arvatud n\u00e4iteks DPD kullerteenus ning alates 99 \u20ac on kohaletoimetamine Soome tasuta, v\u00e4lja arvatud rahvusvaheline maksipakk, kuni 20 kg. T\u00e4psem informatsioon paki kohaletoimetamisest on leitav\u00a0.<\/p>\n<p>3.5.\u00a0\u00a0 \u00a0Tellimuse vormistamiseks peab vajutama nupule \u201cVormista tellimus\u201d.<br \/>\n3.5.1.\u00a0\u00a0 \u00a0Olles www.labiosthetique.ee veebikaubamaja registreeritud kasutaja, siis logige kontole sisse.<br \/>\n3.5.2.\u00a0\u00a0 \u00a0Tellides Tooteid esimest korda, vajutage nupule \u201cUus klient\u201d ja sisestage kontaktandmed.<\/p>\n<p>3.6.\u00a0\u00a0 \u00a0Tellimuse kinnitamiseks vajutage nuppu \u201cTellin ja tasun\u201d.<br \/>\n3.6.1.\u00a0\u00a0 \u00a0Seej\u00e4rel vormistatakse ettemaksuarve, mis tuleb tasuda krediitkaardiga, panga\u00fclekandega v\u00f5i kasutades pangalinki.<br \/>\n3.6.2.\u00a0\u00a0 \u00a0Tellimuse kinnitus ehk ettemaksuarve saadetakse Ostja e-posti aadressile.<br \/>\n3.6.3.\u00a0\u00a0 \u00a0Tellimuste ajalugu ja arveid on v\u00f5imalik hallata ikooni alt \u201cMinu konto\u201d.<\/p>\n<p>3.7.\u00a0\u00a0 \u00a0Tooted postitatakse Montblanc Kosmeetika O\u00dc poolt peale arve tasumist.<\/p>\n<p>&nbsp;<\/p>\n<ol start=\"4\">\n<li><strong> \u00a0M\u00fc\u00fcgilepingu j\u00f5ustumine<\/strong><\/li>\n<\/ol>\n<p>4.1.\u00a0\u00a0 \u00a0Ostja seob ennast tellimuse ja selle eest tasumisega p\u00e4rast vajutamist nupule \u201cTellin ja tasun\u201d.<\/p>\n<p>4.2.\u00a0\u00a0 \u00a0M\u00fc\u00fcgileping loetakse s\u00f5lmituks arvates tellimuse kinnituse j\u00e4rgi tasumisele kuuluva ettemaksu laekumist Montblanc Kosmeetika O\u00dc arvelduskontole.<\/p>\n<p>&nbsp;<\/p>\n<ol start=\"5\">\n<li><strong> \u00a0Toodete kohaletoimetamine ja \u00fcleandmine<\/strong><\/li>\n<\/ol>\n<p>5.1.\u00a0\u00a0 \u00a0P\u00e4rast m\u00fc\u00fcgilepingu j\u00f5ustumist (Ostjapoolset ettemaksuarve tasumist) komplekteerib Montblanc Kosmeetika O\u00dc tellimuse ning annab selle \u00fcle kohaletoimetamiseks Montblanc Kosmeetika O\u00dc logistikapartneritele.<\/p>\n<p>5.2.\u00a0\u00a0 \u00a0Tellimused, mis on esitatud ja mille eest ettemaks on laekunud Montblanc Kosmeetika O\u00dc arvelduskontole t\u00f6\u00f6p\u00e4evadel enne kella 13.00, saab Ostja k\u00e4tte juba j\u00e4rgmisel t\u00f6\u00f6p\u00e4eval v\u00f5i vastavalt tootekaardile m\u00e4rgitud tarneajale.<br \/>\n5.2.1.\u00a0\u00a0 \u00a0Saartel v\u00f5ib kohaletoimetamine aega v\u00f5tta kuni 3 p\u00e4eva.<br \/>\n5.2.2.\u00a0\u00a0 \u00a0Juhul, kui mingil p\u00f5hjusel saadetis viibib, lepib Montblanc Kosmeetika O\u00dc klienditugi Ostjaga kokku sobiva tarneaja.<\/p>\n<p>5.3.\u00a0\u00a0 \u00a0Viivitusteta kohaletoimetamiseks peab Ostja hoolega \u00fcle kontrollima kohaletoimetamiseks sisestatud andmed.<\/p>\n<p>5.4.\u00a0\u00a0 \u00a0Ostja v\u00f5ib Toote lepingu tingimustele mittevastavuse korral:<br \/>\n5.4.1.\u00a0\u00a0 \u00a0keelduda oma tellimusest v\u00f5i v\u00f5lgnetava kohustuse t\u00e4itmisest;<br \/>\n5.4.2.\u00a0\u00a0 \u00a0n\u00f5uda kahju h\u00fcvitamist, hinnaalandust;<br \/>\n5.4.3.\u00a0\u00a0 \u00a0n\u00f5uda Montblanc Kosmeetika O\u00dc poolt rahaliste kohustusega t\u00e4itmise viivitamise korral n\u00f5uda viivist.<br \/>\n5.4.4.\u00a0\u00a0 \u00a0N\u00e4iteks transpordi k\u00e4igus vigastada saanud Tooted, kuid mitte tootepakendid, asendatakse Ostjale.<br \/>\n5.4.5.\u00a0\u00a0 \u00a0Juhul, kui Toote asendamine peaks osutuma v\u00f5imatuks, h\u00fcvitatakse Ostjale kauba maksumus.<\/p>\n<p>5.5.\u00a0\u00a0 \u00a0Montblanc Kosmeetika O\u00dc ei vastuta Toodete kohaletoimetamise viibimise eest juhul, kui Tooted on logistikapartneritele \u00fcle antud \u00f5igeaegselt, kuid kohaletoimetamise viibimine on tingitud asjaoludest, mida Montblanc Kosmeetika O\u00dc ei saanud m\u00f5jutada v\u00f5i ette n\u00e4ha.<\/p>\n<p>5.6 Meie tarnepartnerid on: Smartpost Estonia, Omniva Estonia, DPD Shops Estonia<\/p>\n<p>&nbsp;<\/p>\n<ol start=\"6\">\n<li><strong> \u00a0Taganemis\u00f5igus<\/strong><\/li>\n<\/ol>\n<p>6.1.\u00a0\u00a0 www.labiosthetique.ee veebipoest ostetud Toodetele kehtib alates kauba k\u00e4ttesaamisest 14-p\u00e4evane tagastamis\u00f5igus. Juhul kui e-poest tellitud Toode Ostjale ei sobi, v\u00f5ib ta selle p\u00f5hjendusi esitamata tagastada.<br \/>\n6.1.1.\u00a0\u00a0 \u00a0Taganemist\u00e4htaeg l\u00f5ppeb 14 p\u00e4eva m\u00f6\u00f6dumisel alates p\u00e4evast, mil Ostja v\u00f5i Ostja nimetatud kolmas isik, kes ei ole vedaja, on saanud Tooted f\u00fc\u00fcsiliselt enda valdusesse.<\/p>\n<p>6.2.\u00a0\u00a0 \u00a0Taganemis\u00f5igus puudub juhul, kui Ostjale on tarnitud suletud pakendis Tooted, mis ei ole k\u00f5lblikud tagasisaatmiseks tervisekaitse v\u00f5i h\u00fcgieenilistel p\u00f5hjustel ning mis on p\u00e4rast kohaletoimetamist avatud (kosmeetikatooted jms).<br \/>\n6.2.1.\u00a0\u00a0 \u00a0Lisaks ei kehti 14-p\u00e4evane taganemis\u00f5igus Toodetele, kui:<br \/>\n6.2.1.1.\u00a0\u00a0 \u00a0Toode on valmistatud arvestades konkreetse Ostja isiklikke vajadusi;<br \/>\n6.2.1.2.\u00a0\u00a0 \u00a0Toode on valmistatud Ostja esitatud tingimuste kohaselt;<br \/>\n6.2.1.3.\u00a0\u00a0 \u00a0Toode on segatud v\u00f5i \u00fchendatud mingi teise toote v\u00f5i kaubaga, nii, et neid ei saa enam teineteisest eraldada;<br \/>\n6.2.1.4.\u00a0\u00a0 \u00a0Toodet on kasutatud majandus-ja kutsetegevuse eesm\u00e4rgil.<\/p>\n<p>6.3.\u00a0\u00a0 \u00a0Kauba tagastamisel tagastab Montblanc Kosmeetika O\u00dc Ostjale tagastatava Toote maksumuse viivitamata, kuid hiljemalt 14 p\u00e4eva m\u00f6\u00f6dumisel alates p\u00e4evast, mil Montblanc Kosmeetika O\u00dc saab teada Ostja otsusest Toode tagastada.<br \/>\n6.3.1.\u00a0\u00a0 \u00a0Juhul, kui osutub m\u00f6\u00f6dap\u00e4\u00e4smatuks, et Ostja peab Toote enda kulul tagasi saatma, h\u00fcvitatakse Ostjale tagastatava Toote maksumus koos saatmiskuluga hiljemalt 14 p\u00e4eva jooksul alates<\/p>\n<p>6.4.\u00a0\u00a0 \u00a0Ostja peab Toote Montblanc Kosmeetika O\u00dc&#8217;le tagastama viivitamata, kuid hiljemalt 14 p\u00e4eva m\u00f6\u00f6dumisel p\u00e4evast, mil ta teatas Montblanc Kosmeetika O\u00dc&#8217;le Toote tagastamise soovist. Toote saab tagastada:<br \/>\n6.4.1.\u00a0\u00a0 \u00a0Montblanc Kosmeetika O\u00dc kontorisse Kaarli pst 8, 10142 Tallinn;<br \/>\n6.4.2.\u00a0\u00a0 \u00a0Pakiautomaati, kasutades saadud koodi.<\/p>\n<p>6.5.\u00a0\u00a0 \u00a0T\u00e4htajast on kinni peetud, kui Ostja tagastab Toote enne 14-p\u00e4evase t\u00e4htaja l\u00f5ppu.<\/p>\n<p>6.6.\u00a0\u00a0 \u00a0Montblanc Kosmeetika O\u00dc&#8217;l on \u00f5igus keelduda tagasimaksete tegemisest seni, kuni Montblanc Kosmeetika O\u00dc on tagastatava Toote tagasi saanud v\u00f5i Ostja on esitanud Montblanc Kosmeetika O\u00dc&#8217;le t\u00f5endid, et ta on Toote tagasi saatnud, s\u00f5ltuvalt sellest, kumb toimub varem.<\/p>\n<p>6.7.\u00a0\u00a0 \u00a0Kui Ostja soovib v\u00e4ltida Toote v\u00e4\u00e4rtuse v\u00e4henemise h\u00fcvitamist, siis tuleb Toodet kasutada ja proovida nii, nagu seda on v\u00f5imalik teha tavakaupluses, ning Toode tuleb tagastada originaalpakendis ja esialgses komplektsuses (sisaldama k\u00f5iki tootepakendis olevaid esemeid ning Montblanc Kosmeetika O\u00dc \u00a0v\u00f5i www.labiosthetique.ee veebikaubamaja poolt lisatud kingitusi). Kui Ostja kasutab Toodet rohkem, kui on vaja teha Toote olemuses ja toimimises veendumiseks, v\u00f5i ei tagasta Toodet originaalpakendis ja esialgses komplektsuses, siis vastutab Ostja Toote v\u00e4\u00e4rtuse v\u00e4henemise eest.<br \/>\n6.7.1.\u00a0\u00a0 \u00a0Tagastamisele kuuluva Toote halvenemise korral vastutab Ostja Toote kasutamisest tingitud v\u00e4\u00e4rtuse v\u00e4henemise eest juhul, kui ta on Toodet kasutanud muul viisil, kui on vaja selle olemuses, omadustes ja toimimises veendumiseks. Selleks, et veenduda Toote olemuses, omadustes ja toimimises veendumiseks, v\u00f5ib Ostja seda k\u00e4sitseda ja kasutada \u00fcksnes nii nagu tal lubatakse tavap\u00e4raselt seda teha poes.<\/p>\n<p>6.8.\u00a0\u00a0 \u00a0Toote v\u00e4\u00e4rtuse v\u00e4henemisest tingitud n\u00f5udeid on Montblanc Kosmeetika O\u00dc\u00b4l \u00f5igus Ostjale esitada hiljemalt \u00fche kuu jooksul arvates Toote tagastamisest.<\/p>\n<p>6.9.\u00a0\u00a0 \u00a0Kui Ostja on tagastatavat Toodet kasutanud v\u00f5i proovinud muul moel, kui seda oleks lubatud tavap\u00e4raselt teha poes v\u00f5i ta on kasutanud Toodet rohkem, kui on vaja teha selle olemuses, omadustes ja toimimises veendumiseks, siis vastutab Ostja Toote v\u00e4\u00e4rtuse v\u00e4henemise eest ning Montblanc Kosmeetika O\u00dc&#8217;l on \u00f5igus see summa tagastamisele kuuluvast ostuhinnast maha arvata. Juhul, kui Ostja ei ole n\u00f5us Montblanc Kosmeetika O\u00dc poolt n\u00e4idatud v\u00e4\u00e4rtuse v\u00e4henemisega, on tal \u00f5igus selle kindlaks tegemiseks p\u00f6\u00f6rduda s\u00f5ltumatu eksperdi poole. S\u00f5ltumatu eksperdi kulud tasub pool, kelle seisukoht ei osutunud p\u00f5hjendatuks. Kui sellise poole v\u00e4lja selgitamine osutub v\u00f5imatuks, siis jagatakse ekspertiisiga seotud kulud Ostja ja Montblanc Kosmeetika O\u00dc vahel pooleks.<\/p>\n<p>6.10.\u00a0\u00a0 \u00a0Kui selgub, et Ostja ei ole saanud tellitud Toodet, Toode ei vasta e-poes olevale kirjeldusele v\u00f5i Tootel ilmneb viga, siis ei pea Ostja tegema taganemisavaldust 14 p\u00e4eva jooksul, vaid v\u00f5ib kasutada seadusest tulenevat pretensiooni esitamise \u00f5igust.<\/p>\n<p>&nbsp;<\/p>\n<ol start=\"7\">\n<li><strong> \u00a0Ostetud Toote kasutamine majandus- v\u00f5i kutsetegevuse eesm\u00e4rgil (k.a juriidiline isik)<\/strong><\/li>\n<\/ol>\n<p>7.1.\u00a0\u00a0 \u00a0Juhul, kui ostetud Toodet on kasutanud majandus- v\u00f5i kutsetegevuse eesm\u00e4rgil v\u00f5i on olnud ostjaks juriidiline isik, siis tavaline pretensioonide esitamise kord ei kehti. Nimetatud juhtumite korral on reeglina pretensioonide esitamise aeg 6 kuud v\u00f5i rohkem, kui tootja on nii lubanud. Selle perioodi jooksul tootjapoolsete defektide ilmnemisel Toode asendatakse v\u00f5i remonditakse.<\/p>\n<p>7.2.\u00a0\u00a0 \u00a0Toodet ei asendata kui:<br \/>\n7.2.1.\u00a0\u00a0 \u00a0Toode on valmistatud arvestades konkreetseid Ostja isiklikke vajadusi;<br \/>\n7.2.2.\u00a0\u00a0 \u00a0Toode on valmistatud Ostja esitatud tingimuste kohaselt;<br \/>\n7.2.3.\u00a0\u00a0 \u00a0Toode ei ole k\u00f5lblik tagasisaatmiseks tervisekaitse v\u00f5i h\u00fcgieenilistel p\u00f5hjustel ning mis on p\u00e4rast kohaletoimetamist avatud (kosmeetikatooted jms);<br \/>\n7.2.4.\u00a0\u00a0 \u00a0Toode on segatud v\u00f5i \u00fchendatud mingi teise toote v\u00f5i kaubaga nii, et neid ei saa enam teineteisest eraldada.<\/p>\n<p>&nbsp;<\/p>\n<ol start=\"8\">\n<li><strong> \u00a0Vastutus ja pretensioonide esitamise kord<\/strong><\/li>\n<\/ol>\n<p>8.1.\u00a0\u00a0 Montblanc Kosmeetika O\u00dc ja Ostja vastutavad teisele poolele k\u00e4esolevate tingimuste rikkumisega tehtud kahju eest Eesti Vabariigis kehtivates \u00f5igusaktides s\u00e4testatud juhtudel ja ulatuses.<\/p>\n<p>8.2.\u00a0\u00a0 Montblanc Kosmeetika O\u00dc vastutab Ostjale m\u00fc\u00fcdud Toote lepingutingimustele mittevastavuse v\u00f5i puuduse eest, mis oli olemas juba asja \u00fcleandmise hetkel ning mis ilmneb kuni kahe aasta jooksul, alates Toote \u00fcleandmisest Ostjale. Sellest esimese kuue kuu jooksul asja \u00fcleandmisest Ostjale eeldatakse, et puudus oli olemas juba asja \u00fcleandmise ajal. Vastava eelduse \u00fcmberl\u00fckkamine on Montblanc Kosmeetika O\u00dc kohustus.<\/p>\n<p>8.3.\u00a0\u00a0 \u00a0Ostjal on \u00f5igus lepingutingimustele mittevastava Toote puhul esitada Labiosthetique&#8217;ile (l\u00e4bi Montblanc Kosmeetika O\u00dc, Labiosthetique ametlikku kaubaesindaja EV-s) pretensioone kahe aasta jooksul alates kauba \u00fcleandmise p\u00e4evast. Pretensioon tuleb esitada viivitamatult, kuid mitte hiljem kui kahe kuu jooksul alates Toote puuduse avastamisest. Puuduse avastamisel peab Ostja kasutusele v\u00f5tma m\u00f5istlikud abin\u00f5ud Toote s\u00e4ilitamiseks ja kaitsmiseks, sh mitte kasutama puudusega Toodet, kui Toote kasutamine halvendab veelgi Toote seisukorda.<\/p>\n<p>8.4.\u00a0\u00a0 \u00a0Ostjal on v\u00f5imalik Toote lepingutingimustele mittevastavuse korral tugineda seaduses s\u00e4testatud \u00f5iguskaitsevahenditele, sh n\u00f5uda Toote parandamist v\u00f5i asendamist. Juhul, kui Toote parandamine v\u00f5i asendamine ei ole v\u00f5imalik, eba\u00f5nnestub v\u00f5i p\u00f5hjustab Ostjale p\u00f5hjendamatuid ebamugavusi, on Ostjal \u00f5igus lepingust taganeda ja n\u00f5uda raha tagasi.<\/p>\n<p>8.5.\u00a0\u00a0 Montblanc Kosmeetika O\u00dc ei vastuta Ostja s\u00fc\u00fcl Toote puuduste tekkimise eest, puuduste eest, mis on tekkinud Toote mittekorrap\u00e4rase hoiustamise v\u00f5i kasutamise tulemusena. Puuduste hulka arvestatakse Toote puudusi, kuid mitte tootepakendi puudusi.<\/p>\n<p>8.6.\u00a0\u00a0 \u00a0Kui Tootele on Montblanc Kosmeetika O\u00dc v\u00f5i Labiosthetique (tootja) poolt antud m\u00fc\u00fcgigarantii, antakse Ostjale garantiitingimused kirjalikult koos Tootega ja\/v\u00f5i tehakse need k\u00e4ttesaadavaks elektrooniliselt e-poes.<\/p>\n<p>8.7.\u00a0\u00a0 \u00a0Hilisemate probleemide lahendamiseks peab Ostja s\u00e4ilitama ostudokumendid (arve, leping jne), mis t\u00f5endavad, et Toode on ostetud Montblanc Kosmeetika O\u00dc esindusest v\u00f5i e-poest. Ilma m\u00fc\u00fcki t\u00f5endava dokumendita v\u00f5ib Montblanc Kosmeetika O\u00dc probleemi lahendamata j\u00e4tta.<\/p>\n<p>8.8.\u00a0\u00a0 \u00a0Montblanc Kosmeetika O\u00dc esindusest v\u00f5i e-poest ostetud Toote puuduse ilmnemisel on Ostjal v\u00f5imalik p\u00f6\u00f6rduda hiljemalt kahe kuu jooksul La Biosthetique&#8217;i esindusse:<br \/>\n8.8.1.\u00a0\u00a0 \u00a0esindussalong Le Salon,Tallinnas: Kaarli pst 8<br \/>\n8.8.2.\u00a0\u00a0 \u00a0v\u00f5i veebipoe poole, saates e-kirja aadressile info@labiosthetique.ee v\u00f5i helistada telefonil +372 6363641 (+372 58000500).<\/p>\n<p>8.9.\u00a0\u00a0 \u00a0Pretensiooni esitamisel tuleb esitada puudusega Toode. Montblanc Kosmeetika O\u00dc ja Ostja s\u00f5lmivad seadme hooldus- ja remontt\u00f6\u00f6de kokkuleppe, kui Toote puuduse olemuse ja p\u00f5hjuse v\u00e4ljaselgitamiseks on vaja Toode saata diagnostikasse v\u00f5i ekspertiisi.<\/p>\n<p>8.10.\u00a0\u00a0 \u00a0Pretensooni esitamisel tuleb \u00e4ra m\u00e4rkida:<br \/>\n8.10.1.\u00a0\u00a0 \u00a0Ostja nimi ja kontaktandmed;<br \/>\n8.10.2.\u00a0\u00a0 \u00a0Kaebuse esitamise kuup\u00e4ev;<br \/>\n8.10.3.\u00a0\u00a0 \u00a0Toote puudus;<br \/>\n8.10.4.\u00a0\u00a0 \u00a0Montblanc Kosmeetika O\u00dc&#8217;le esitatav n\u00f5ue;<br \/>\n8.10.5.\u00a0\u00a0 \u00a0Viidata tuleb tehingu sooritamist v\u00f5i garantiid t\u00f5endavale dokumendile v\u00f5i lisada selle koopia kaebusele.<\/p>\n<p>8.11. Montblanc Kosmeetika O\u00dc vastab pretensioonile kirjalikult 15 p\u00e4eva jooksul p\u00e4rast Ostja pretensiooni k\u00e4ttesaamist. Kui Montblanc Kosmeetika O\u00dc&#8217;l ei ole v\u00f5imalik 15 p\u00e4eva jooksul Ostja pretensioonile vastata, teatatakse sellest kirjalikult koos p\u00f5hjenduse ja t\u00e4htajaga, mis ajaks vastus saadetakse.<\/p>\n<p>8.12.\u00a0\u00a0 \u00a0Ostjal on \u00f5igus p\u00f6\u00f6rduda p\u00e4deva j\u00e4relvalveasutuse poole, milleks on <u><a href=\"https:\/\/www.ttja.ee\/\">Tarbijakaitse ja Tehnilise J\u00e4relevalve Amet<\/a><\/u>\u00a0aadressil Endla tn 10, 10142 Tallinn, e-post:\u00a0<u><a href=\"mailto:info@ttja.ee\">info@ttja.ee<\/a><\/u>. Kohtuv\u00e4lise lahendi leidja internetip\u00f5histe tarbijavaidluste lahendamisel vastavalt Euroopa parlamendi ja n\u00f5ukogu (EL)\u00a0<u><a href=\"https:\/\/ec.europa.eu\/consumers\/odr\/main\/index.cfm?event=main.home2.show&amp;lng=ET\">m\u00e4\u00e4rusele 524\/2013<\/a><\/u>.<\/p>\n<p>8.13.\u00a0\u00a0 \u00a0Kui Ostja ja Montblanc Kosmeetika O\u00dc ei suuda lahendada vaidlust kokkuleppe teel, siis on Ostjal v\u00f5imalik p\u00f6\u00f6rduda Tarbijavaidluste komisjoni poole, mille menetlustingimustega saab tutvuda ning avaldust esitada <u><a href=\"http:\/\/www.komisjon.ee\/\">siin<\/a><\/u>. Tarbijavaidluste komisjoni p\u00e4devuses on lahendada Ostja ja veebipoe vahel s\u00f5lmitud lepingust tulenevaid vaidlusi. Ostja kaebuse l\u00e4bivaatamine komisjonis on tasuta.<\/p>\n<p>8.14.\u00a0\u00a0 \u00a0Ostjal on \u00f5igus p\u00f6\u00f6rduda <u><a href=\"https:\/\/ec.europa.eu\/consumers\/odr\/main\/index.cfm?event=main.home2.show&amp;lng=ET\">Euroopa Liidu tarbijavaidlusi lahendava platvormi poole<\/a><\/u>.<\/p>\n<p>&nbsp;<\/p>\n<ol start=\"9\">\n<li><strong> \u00a0V\u00e4\u00e4ramatu j\u00f5ud<\/strong><\/li>\n<\/ol>\n<p>9.1.\u00a0\u00a0 Montblanc Kosmeetika O\u00dc ei vastuta tekkinud kahju v\u00f5i Toote kohaletoimetamise viibimise eest juhul, kui kahju v\u00f5i Toote kohaletoimetamise viibimine on tingitud asjaoludest, mida Montblanc Kosmeetika O\u00dc ei saanud m\u00f5jutada v\u00f5i ette n\u00e4ha.<\/p>\n<p>&nbsp;<\/p>\n<ol start=\"10\">\n<li><strong> \u00a0Isikuandmete kaitse ja turvalisus<\/strong><\/li>\n<\/ol>\n<p>10.1.\u00a0\u00a0 \u00a0Isikukaitse tingimustega saab l\u00e4hemalt tutvuda\u00a0<u><a href=\"https:\/\/labiosthetique.ee\/fi\/privaatsuspoliitika\/\">siin<\/a><\/u>.<\/p>\n<p>&nbsp;<\/p>\n<ol start=\"11\">\n<li><strong> \u00a0Andmete t\u00f6\u00f6tlemine ja turvalisus<\/strong><\/li>\n<\/ol>\n<p>11.1.\u00a0\u00a0 \u00a0K\u00f5ik www.labiosthetique.ee \u00a0e-poe k\u00fclastamise ja ostude sooritamise k\u00e4igus teatavaks saanud Ostja\/Kliendi isikuandmeid k\u00e4sitletakse kui konfidentsiaalset infot. V\u00e4lja arvatud juhtudel, kui kuller vajab kauba kohaletoimetamiseks Ostja\/Kliendi nime, telefoninumbrit ning kohaletoimetamise aadressi v\u00f5i muudel seadusega etten\u00e4htud juhtudel.<\/p>\n<p>11.2.\u00a0\u00a0 \u00a0Kr\u00fcpteeritud andmesidekanal pankadega tagab ostu sooritaja isikuandmete ja pangarekvisiitide turvalisuse, samuti puudub ka Labiosthetique&#8217;i e-poel neile juurdep\u00e4\u00e4s.<\/p>\n<p>&nbsp;<\/p>\n<ol start=\"12\">\n<li><strong> \u00a0Muud tingimused<\/strong><\/li>\n<\/ol>\n<p>12.1.\u00a0\u00a0 \u00a0Tootepildid on illustratiivse t\u00e4hendusega.<\/p>\n<p>12.2.\u00a0\u00a0 \u00a0Toodete hinnad ning saadavus v\u00f5ivad muutuda ette teatamata. Antud juhul j\u00e4tab www.labiosthetique.ee endale \u00f5iguse loobuda m\u00fc\u00fcgist ning tagastada Ostjale raha tema arvelduskontole m\u00f5istlikult vajaliku aja jooksul.<\/p>\n<p>12.3.\u00a0\u00a0 \u00a0Toodete infot kontrollitakse ja t\u00e4iustatakse regulaarselt. Andmed v\u00f5ivad olla peale Ostja viimast k\u00fclastamist uuenenud.<\/p>\n<p>K\u00e4esolevad m\u00fc\u00fcgitingimused kehtivad alates 12.07.2018.[\/vc_column_text][vc_empty_space height=&#8221;60px&#8221;][\/vc_column][\/vc_row]<\/p>\n<\/div>","protected":false},"excerpt":{"rendered":"<p>[vc_row][vc_column][vc_column_text] M\u00dc\u00dcGITINGIMUSED &nbsp; MAKSEV\u00d5IMALUSED Arveldame\u00a0ainult valuutas\u00a0Euro\u00a0nii kohapeal kui meie e-poes. Lisateave maksmisviiside kohta: Tellimuse k\u00e4ttesaamisel meie esinduses (Kaarli pst 8, 10142 Tallinn) saab maksta Sularahas \/ Krediit- ja Deebetkaartidega VISA, MasterCard, Maestro Palun j\u00e4lgige esinduse lahtiolekuajad. Arvega (panga\u00fclekanne): Montblanc Kosmeetika O\u00dc Reg. nr. 12359485 KMKR: EE101581172 a\/a: SEB Pank AS IBAN-EE141010220255884223 E-poes tellimuse sooritamisel pankalinki &hellip;<\/p>\n","protected":false},"author":1,"featured_media":0,"parent":0,"menu_order":0,"comment_status":"closed","ping_status":"closed","template":"templates\/page-sidebar.php","meta":{"footnotes":""},"class_list":["post-8937","page","type-page","status-publish","hentry"],"_links":{"self":[{"href":"https:\/\/labiosthetique.ee\/fi\/wp-json\/wp\/v2\/pages\/8937","targetHints":{"allow":["GET"]}}],"collection":[{"href":"https:\/\/labiosthetique.ee\/fi\/wp-json\/wp\/v2\/pages"}],"about":[{"href":"https:\/\/labiosthetique.ee\/fi\/wp-json\/wp\/v2\/types\/page"}],"author":[{"embeddable":true,"href":"https:\/\/labiosthetique.ee\/fi\/wp-json\/wp\/v2\/users\/1"}],"replies":[{"embeddable":true,"href":"https:\/\/labiosthetique.ee\/fi\/wp-json\/wp\/v2\/comments?post=8937"}],"version-history":[{"count":0,"href":"https:\/\/labiosthetique.ee\/fi\/wp-json\/wp\/v2\/pages\/8937\/revisions"}],"wp:attachment":[{"href":"https:\/\/labiosthetique.ee\/fi\/wp-json\/wp\/v2\/media?parent=8937"}],"curies":[{"name":"wp","href":"https:\/\/api.w.org\/{rel}","templated":true}]}}