{"id":8926,"date":"2022-01-18T21:49:57","date_gmt":"2022-01-18T19:49:57","guid":{"rendered":"https:\/\/labiosthetique.ee\/professionals\/"},"modified":"2022-01-20T19:09:12","modified_gmt":"2022-01-20T17:09:12","slug":"professionals","status":"publish","type":"page","link":"https:\/\/labiosthetique.ee\/fi\/professionals\/","title":{"rendered":"Professionals"},"content":{"rendered":"<div class=\"wpb-content-wrapper\"><p>[vc_row][vc_column][vc_empty_space height=&#8221;30px&#8221;][vc_raw_html]PGgxIHN0eWxlPSJ0ZXh0LWFsaWduOiBjZW50ZXI7Ij5Qcm9mZXNzaW9uYWFsc2Uga29udG8gdGFvdGx1czwvaDE+[\/vc_raw_html][vc_empty_space height=&#8221;30px&#8221;][\/vc_column][\/vc_row][vc_row][vc_column width=&#8221;1\/2&#8243;][vc_column_text]La Biosthetique profitooteid saavad\u00a0soetada\u00a0registreeritud ja meie poolt kinnitatud ettev\u00f5tted.<u><\/u><u><\/u><\/p>\n<p>Liitu meie meeskonnaga juba t\u00e4na!<br \/>\n<u><\/u><u><\/u>J\u00e4tke taotlus ja me v\u00f5tame Teiega \u00fchendust.[\/vc_column_text][vc_empty_space height=&#8221;30px&#8221;][vc_raw_html]PGgzPkxhIEJpb3N0aGV0aXF1ZeKAmWdhIGtvb3N0w7bDtiBwbHVzc2lkOjwvaDM+[\/vc_raw_html][vc_empty_space height=&#8221;15px&#8221;][vc_message color=&#8221;success&#8221; message_box_style=&#8221;classic&#8221; message_box_color=&#8221;alert-info&#8221; style=&#8221;rounded&#8221;]Montblanc Kosmeetika O\u00dc on Prantsusmaa eksklusiivse professionaalse kosmeetikasarja La Biosthetique maaletooja Eestis. Me pakume t\u00f5husat professionaalset kosmeetikat, t\u00e4ielikus valikus ja k\u00f5ige parimate hindadega.[\/vc_message][vc_message color=&#8221;success&#8221; message_box_style=&#8221;classic&#8221; message_box_color=&#8221;alert-info&#8221; style=&#8221;rounded&#8221;]Me p\u00f6\u00f6rame suurt t\u00e4helepanu stilistide ja kosmeetikute infotoele, Te ei j\u00e4\u00e4 oma klientide ja muretega \u00fcksi.[\/vc_message][vc_message color=&#8221;success&#8221; message_box_style=&#8221;classic&#8221; message_box_color=&#8221;alert-info&#8221; style=&#8221;rounded&#8221;]Tallinna kesklinna stuudios regulaarselt toimuvad seminarid ja koolitused. Saadaval ka individuaalsed konsultatsioonid.[\/vc_message][\/vc_column][vc_column width=&#8221;1\/2&#8243;][vc_single_image image=&#8221;7050&#8243; img_size=&#8221;full&#8221; alignment=&#8221;center&#8221;][vc_empty_space height=&#8221;15px&#8221;][vc_raw_html]PGgzPkVzaXRhZ2Ugb21hIHRhb3RsdXM8L2gzPg==[\/vc_raw_html][vc_empty_space height=&#8221;15px&#8221;][vc_raw_html]W2NvbnRhY3QtZm9ybS03IGlkPSI3MDQwIiB0aXRsZT0iUHJvZmVzc2lvbmFsIl0=[\/vc_raw_html][vc_empty_space height=&#8221;30px&#8221;][\/vc_column][\/vc_row]<\/p>\n<\/div>","protected":false},"excerpt":{"rendered":"<p>[vc_row][vc_column][vc_empty_space height=&#8221;30px&#8221;][vc_raw_html]PGgxIHN0eWxlPSJ0ZXh0LWFsaWduOiBjZW50ZXI7Ij5Qcm9mZXNzaW9uYWFsc2Uga29udG8gdGFvdGx1czwvaDE+[\/vc_raw_html][vc_empty_space height=&#8221;30px&#8221;][\/vc_column][\/vc_row][vc_row][vc_column width=&#8221;1\/2&#8243;][vc_column_text]La Biosthetique profitooteid saavad\u00a0soetada\u00a0registreeritud ja meie poolt kinnitatud ettev\u00f5tted. Liitu meie meeskonnaga juba t\u00e4na! J\u00e4tke taotlus ja me v\u00f5tame Teiega \u00fchendust.[\/vc_column_text][vc_empty_space height=&#8221;30px&#8221;][vc_raw_html]PGgzPkxhIEJpb3N0aGV0aXF1ZeKAmWdhIGtvb3N0w7bDtiBwbHVzc2lkOjwvaDM+[\/vc_raw_html][vc_empty_space height=&#8221;15px&#8221;][vc_message color=&#8221;success&#8221; message_box_style=&#8221;classic&#8221; message_box_color=&#8221;alert-info&#8221; style=&#8221;rounded&#8221;]Montblanc Kosmeetika O\u00dc on Prantsusmaa eksklusiivse professionaalse kosmeetikasarja La Biosthetique maaletooja Eestis. Me pakume t\u00f5husat professionaalset kosmeetikat, t\u00e4ielikus valikus ja k\u00f5ige parimate hindadega.[\/vc_message][vc_message color=&#8221;success&#8221; message_box_style=&#8221;classic&#8221; message_box_color=&#8221;alert-info&#8221; &hellip;<\/p>\n","protected":false},"author":1,"featured_media":0,"parent":0,"menu_order":0,"comment_status":"closed","ping_status":"closed","template":"","meta":{"footnotes":""},"class_list":["post-8926","page","type-page","status-publish","hentry"],"_links":{"self":[{"href":"https:\/\/labiosthetique.ee\/fi\/wp-json\/wp\/v2\/pages\/8926","targetHints":{"allow":["GET"]}}],"collection":[{"href":"https:\/\/labiosthetique.ee\/fi\/wp-json\/wp\/v2\/pages"}],"about":[{"href":"https:\/\/labiosthetique.ee\/fi\/wp-json\/wp\/v2\/types\/page"}],"author":[{"embeddable":true,"href":"https:\/\/labiosthetique.ee\/fi\/wp-json\/wp\/v2\/users\/1"}],"replies":[{"embeddable":true,"href":"https:\/\/labiosthetique.ee\/fi\/wp-json\/wp\/v2\/comments?post=8926"}],"version-history":[{"count":0,"href":"https:\/\/labiosthetique.ee\/fi\/wp-json\/wp\/v2\/pages\/8926\/revisions"}],"wp:attachment":[{"href":"https:\/\/labiosthetique.ee\/fi\/wp-json\/wp\/v2\/media?parent=8926"}],"curies":[{"name":"wp","href":"https:\/\/api.w.org\/{rel}","templated":true}]}}