{"id":8886,"date":"2022-01-18T21:46:51","date_gmt":"2022-01-18T19:46:51","guid":{"rendered":"https:\/\/labiosthetique.ee\/avaleht\/"},"modified":"2023-01-20T00:02:08","modified_gmt":"2023-01-19T22:02:08","slug":"avaleht","status":"publish","type":"page","link":"https:\/\/labiosthetique.ee\/fi\/","title":{"rendered":"Avaleht"},"content":{"rendered":"<div class=\"wpb-content-wrapper\"><p>[vc_row el_class=&#8221;labio-main-slider&#8221;][vc_column][vc_empty_space height=&#8221;25px&#8221;]<div class=\"nm-banner-slider plugin-slick pagination-color-dark slick-slider slick-dots-inside has-pagination pagination-mobile-outside pagination-right\" data-arrows=\"true\" data-dots=\"true\" data-infinite=\"true\">\n\t\t\t<div class=\"nm-banner content-full image-type-css text-color-light subtitle-below\" style=\"\"><a href=\"https:\/\/labiosthetique.ee\/product-tag\/long-hair\/\" class=\"nm-banner-link nm-banner-link-full\"><div class=\"nm-banner-image\" style=\" min-height:440px; background-image:url(https:\/\/labiosthetique.ee\/wp-content\/uploads\/2021\/04\/170459616_780774382555353_2754960913433065728_n.png);\"><div class=\"pseudo-bg\"><\/div><\/div><\/a>\n\t\t\t<\/div>\n\t\t\t<div class=\"nm-banner content-full image-type-css text-color-light subtitle-below\" style=\"\"><div class=\"nm-banner-image\" style=\" min-height:440px; background-image:url();\"><div class=\"pseudo-bg\"><\/div><\/div>\n\t\t\t\t<div class=\"nm-banner-content\">\n\t\t\t\t\t<div class=\"nm-banner-content-inner h_left v_center align_left\">\n\t\t\t\t\t\t<div class=\"nm-banner-text xlarge\" style=\" padding:0 80px;\">\n\t\t\t\t\t\t\t<div class=\"nm-banner-text-inner animated\" data-animate=\"fadeIn\"><h1 class=\"nm-banner-title\">Hinnad alla -50%<\/h1><h3 class=\"nm-banner-subtitle nm-alt-font\">Ainult make-up toodetele.<\/h3><a href=\"\/product-category\/lopumuuk\/\" class=\"nm-banner-link type-btn\">Valige<\/a><\/div>\n\t\t\t\t\t\t<\/div>\n\t\t\t\t\t<\/div>\n\t\t\t\t<\/div>\n\t\t\t<\/div>\n\t\t\t<div class=\"nm-banner content-full image-type-css text-color-light subtitle-below\" style=\"\"><div class=\"nm-banner-image\" style=\" min-height:440px; background-image:url(https:\/\/labiosthetique.ee\/wp-content\/uploads\/2020\/06\/101597983_260231885182970_500456895069290496_n.jpg);\"><div class=\"pseudo-bg\"><\/div><\/div>\n\t\t\t\t<div class=\"nm-banner-content\">\n\t\t\t\t\t<div class=\"nm-banner-content-inner h_left v_center align_left\">\n\t\t\t\t\t\t<div class=\"nm-banner-text xlarge\" style=\"max-width:600px; padding:0 80px;\">\n\t\t\t\t\t\t\t<div class=\"nm-banner-text-inner animated\" data-animate=\"fadeIn\"><h1 class=\"nm-banner-title\">Esimene tellimus -10%!<\/h1><h3 class=\"nm-banner-subtitle nm-alt-font\">Kasuta kupong: \u00ablabio10\u00bb<\/h3><a href=\"\/product-category\/juuksehooldus\/\" class=\"nm-banner-link type-btn\">Valige<\/a><\/div>\n\t\t\t\t\t\t<\/div>\n\t\t\t\t\t<\/div>\n\t\t\t\t<\/div>\n\t\t\t<\/div>\n\t\t\t<div class=\"nm-banner content-full image-type-css text-color-light subtitle-below\" style=\"\"><div class=\"nm-banner-image\" style=\" min-height:440px; background-image:url();\"><div class=\"pseudo-bg\"><\/div><\/div>\n\t\t\t\t<div class=\"nm-banner-content\">\n\t\t\t\t\t<div class=\"nm-banner-content-inner h_left v_center align_left\">\n\t\t\t\t\t\t<div class=\"nm-banner-text xlarge\" style=\"max-width:600px; padding:0 80px;\">\n\t\t\t\t\t\t\t<div class=\"nm-banner-text-inner animated\" data-animate=\"fadeIn\"><h1 class=\"nm-banner-title\">Kas olete suveks valmis?<\/h1><h3 class=\"nm-banner-subtitle nm-alt-font\">Osta v\u00e4hemalt 2 Soleil sarja toodet ja saa endale rannakott v\u00f5i rannar\u00e4tik kingituseks kaasa!<\/h3><a href=\"\/shop\/?filter_line=soleil\" class=\"nm-banner-link type-btn\">Valige<\/a><\/div>\n\t\t\t\t\t\t<\/div>\n\t\t\t\t\t<\/div>\n\t\t\t\t<\/div>\n\t\t\t<\/div><\/div>[\/vc_column][\/vc_row][vc_row][vc_column][vc_empty_space height=&#8221;30px&#8221; el_class=&#8221;mobilespacer&#8221;][vc_row_inner type=&#8221;boxed&#8221; content_placement=&#8221;middle&#8221; css=&#8221;.vc_custom_1589471434704{padding-top: 40px !important;padding-bottom: 40px !important;background: #282828 url(https:\/\/labiosthetique.ee\/wp-content\/uploads\/2020\/05\/delivery.jpg?id=7755) !important;}&#8221;][vc_column_inner][vc_custom_heading text=&#8221;Ostukorv \u00fcle 42 \u20ac \u2192 Tasuta tarne&#8221; font_container=&#8221;tag:h2|text_align:center|color:%23ffffff&#8221; use_theme_fonts=&#8221;yes&#8221;][\/vc_column_inner][\/vc_row_inner][vc_empty_space height=&#8221;30px&#8221; el_class=&#8221;mobilespacer&#8221;][\/vc_column][\/vc_row][vc_row][vc_column width=&#8221;1\/6&#8243;][\/vc_column][vc_column width=&#8221;4\/6&#8243;][vc_empty_space height=&#8221;45px&#8221; el_class=&#8221;mobilespacer&#8221;][vc_column_text]<\/p>\n<h2 style=\"text-align: center;\">La Biosthetique Best Sellers<\/h2>\n<p>[\/vc_column_text][vc_empty_space height=&#8221;45px&#8221; el_class=&#8221;mobilespacer&#8221;][\/vc_column][vc_column width=&#8221;1\/6&#8243;][\/vc_column][\/vc_row][vc_row][vc_column]<div class=\"nm-product-slider col-5\" data-slides-to-show=\"5\" data-slides-to-scroll=\"5\" data-slides-to-show-mobile=\"2\" data-arrows=\"true\"><div class=\"woocommerce columns-5 \"><\/div><\/div>[vc_empty_space height=&#8221;30px&#8221; el_class=&#8221;mobilespacer&#8221;][\/vc_column][\/vc_row][vc_row][vc_column width=&#8221;2\/3&#8243; el_class=&#8221;banner-big&#8221;]\n\t\t\t<div class=\"nm-banner content-full image-type-css text-color-light subtitle-above\" style=\"\"><a href=\"\/shop\/?filter_line=spa-aktif\" class=\"nm-banner-link nm-banner-link-full\"><div class=\"nm-banner-image\" style=\" min-height:580px; background-image:url();\"><div class=\"pseudo-bg\"><\/div><\/div>\n\t\t\t\t<div class=\"nm-banner-content\">\n\t\t\t\t\t<div class=\"nm-banner-content-inner h_center v_center align_center\">\n\t\t\t\t\t\t<div class=\"nm-banner-text medium\" style=\"\">\n\t\t\t\t\t\t\t<div class=\"nm-banner-text-inner\"><h3 class=\"nm-banner-subtitle nm-alt-font\">SPA ACTIF<\/h3><h1 class=\"nm-banner-title\">Activating care for the body and soul<\/h1><\/div>\n\t\t\t\t\t\t<\/div>\n\t\t\t\t\t<\/div>\n\t\t\t\t<\/div><\/a>\n\t\t\t<\/div>[vc_empty_space height=&#8221;30px&#8221; el_class=&#8221;mobilespacer&#8221;][\/vc_column][vc_column width=&#8221;1\/3&#8243; el_class=&#8221;banner-small&#8221;]\n\t\t\t<div class=\"nm-banner content-full image-type-css text-color-dark subtitle-above\" style=\"\"><a href=\"\/product-category\/juuksehooldus\/\" class=\"nm-banner-link nm-banner-link-full\"><div class=\"nm-banner-image\" style=\" min-height:275px; background-image:url();\"><div class=\"pseudo-bg\"><\/div><\/div>\n\t\t\t\t<div class=\"nm-banner-content\">\n\t\t\t\t\t<div class=\"nm-banner-content-inner h_center v_center align_center\">\n\t\t\t\t\t\t<div class=\"nm-banner-text medium\" style=\"\">\n\t\t\t\t\t\t\t<div class=\"nm-banner-text-inner\"><h3 class=\"nm-banner-subtitle nm-alt-font\">JUUKSED<\/h3><h1 class=\"nm-banner-title\">Juuksehooldus<\/h1><\/div>\n\t\t\t\t\t\t<\/div>\n\t\t\t\t\t<\/div>\n\t\t\t\t<\/div><\/a>\n\t\t\t<\/div>[vc_empty_space height=&#8221;30px&#8221; el_class=&#8221;mobilespacer&#8221;]\n\t\t\t<div class=\"nm-banner content-full image-type-css text-color-dark subtitle-above\" style=\"\"><a href=\"\/product-category\/nao-ja-kehahooldus\/\" class=\"nm-banner-link nm-banner-link-full\"><div class=\"nm-banner-image\" style=\" min-height:275px; background-image:url();\"><div class=\"pseudo-bg\"><\/div><\/div>\n\t\t\t\t<div class=\"nm-banner-content\">\n\t\t\t\t\t<div class=\"nm-banner-content-inner h_center v_center align_center\">\n\t\t\t\t\t\t<div class=\"nm-banner-text medium\" style=\"\">\n\t\t\t\t\t\t\t<div class=\"nm-banner-text-inner\"><h3 class=\"nm-banner-subtitle nm-alt-font\">KEHA<\/h3><h1 class=\"nm-banner-title\">N\u00e4o- ja kehahooldus<\/h1><\/div>\n\t\t\t\t\t\t<\/div>\n\t\t\t\t\t<\/div>\n\t\t\t\t<\/div><\/a>\n\t\t\t<\/div>[vc_empty_space height=&#8221;30px&#8221; el_class=&#8221;mobilespacer&#8221;][\/vc_column][\/vc_row][vc_row equal_height=&#8221;yes&#8221; content_placement=&#8221;top&#8221;][vc_column width=&#8221;1\/3&#8243;]\n\t\t\t<div class=\"nm-feature layout-centered icon-style-image-default bottom-spacing-none\"><div class=\"nm-feature-icon\"><div class=\"pseudo-bg\"><\/div><a href=\"\/product-category\/styling\/\"><img decoding=\"async\" src=\"https:\/\/labiosthetique.ee\/wp-content\/uploads\/2020\/03\/style.jpg\" alt=\"La Biosth\u00e9tique&#039;i stiilimaailm\" \/><\/a><\/div>\n\t\t\t\t<div class=\"nm-feature-content\"><a href=\"\/product-category\/styling\/\"><h3>STYLING<\/h3><\/a><a href=\"\/product-category\/styling\/\"><h2>La Biosth\u00e9tique'i stiilimaailm<\/h2><\/a>\n\t\t\t\t\t<div class=\"wpb_text_column\"><p>Styling\u00a0La Biosthetique &#8211; suurep\u00e4rased tooted pilkup\u00fc\u00fcdva soengu seadmiseks.<\/p>\n<\/div>\n\t\t\t\t<\/div>\n\t\t\t<\/div>[\/vc_column][vc_column width=&#8221;1\/3&#8243;]\n\t\t\t<div class=\"nm-feature layout-centered icon-style-image-default bottom-spacing-none\"><div class=\"nm-feature-icon\"><div class=\"pseudo-bg\"><\/div><a href=\"\/product-category\/meik\/\"><img decoding=\"async\" src=\"https:\/\/labiosthetique.ee\/wp-content\/uploads\/2020\/03\/make.jpg\" alt=\"Meigikollektsioon\" \/><\/a><\/div>\n\t\t\t\t<div class=\"nm-feature-content\"><a href=\"\/product-category\/meik\/\"><h3>MEIK<\/h3><\/a><a href=\"\/product-category\/meik\/\"><h2>Meigikollektsioon<\/h2><\/a>\n\t\t\t\t\t<div class=\"wpb_text_column\"><p>K\u00f5ik mida Sa vajad t\u00e4iuslikuks jumestuseks La Biosthetique toodetega<\/p>\n<\/div>\n\t\t\t\t<\/div>\n\t\t\t<\/div>[\/vc_column][vc_column width=&#8221;1\/3&#8243;]\n\t\t\t<div class=\"nm-banner content-full image-type-css text-color-dark subtitle-above\" style=\"\"><a href=\"https:\/\/labiosthetique.ee\/professionals\/\" class=\"nm-banner-link nm-banner-link-full\"><div class=\"nm-banner-image\" style=\" min-height:350px; background-image:url(https:\/\/labiosthetique.ee\/wp-content\/uploads\/2020\/04\/full-sara-rose-top-makeup-school-graduate-brush-salon-interior.jpg);\"><div class=\"pseudo-bg\"><\/div><\/div>\n\t\t\t\t<div class=\"nm-banner-content\">\n\t\t\t\t\t<div class=\"nm-banner-content-inner h_center v_center align_center\">\n\t\t\t\t\t\t<div class=\"nm-banner-text medium\" style=\"\">\n\t\t\t\t\t\t\t<div class=\"nm-banner-text-inner\"><h3 class=\"nm-banner-subtitle nm-alt-font\">Salong<\/h3><h1 class=\"nm-banner-title\">Professionaalidele<\/h1><\/div>\n\t\t\t\t\t\t<\/div>\n\t\t\t\t\t<\/div>\n\t\t\t\t<\/div><\/a>\n\t\t\t<\/div>[\/vc_column][\/vc_row][vc_row disable_element=&#8221;yes&#8221;][vc_column][vc_raw_html]PGRpdiBzdHlsZT0iZGlzcGxheTpmbGV4O2FsaWduLWl0ZW1zOmNlbnRlcjtqdXN0aWZ5LWNvbnRlbnQ6Y2VudGVyO21pbi1oZWlnaHQ6IDM2MHB4O2JvcmRlci10b3A6IDFweCAjZGVkZWRlIHNvbGlkO2JvcmRlci1ib3R0b206IDFweCAjZGVkZWRlIHNvbGlkO3RleHQtYWxpZ246IGNlbnRlcjsiPg0KPGRpdj4NCjxoMj5Zb3VyIEFkdmFudGFnZXM8L2gyPg0KPHVsIHN0eWxlPSINCiAgICBtYXJnaW4tYm90dG9tOiAzNXB4Ow0KICAgIG1hcmdpbi10b3A6IDE1cHg7DQoiPg0KPGxpPjEuIExvb2tib29rPC9saT4NCjxsaT4yLiBCZWF1dHkgTmV3czwvbGk+DQo8bGk+My4gQmVhdXR5IEluc3BpcmF0aW9uczwvbGk+DQo8bGk+NC4gQmVhdXR5IERlc3RpbmF0aW9uczwvbGk+DQo8bGk+NS4gUGFyaXMgTW9uIEFtb3VyPC9saT4NCjwvdWw+DQo8YSBocmVmPSIjIiBjbGFzcz0ibm0tYmFubmVyLWxpbmsgdHlwZS1idG4iIHN0eWxlPSINCiAgICBtYXJnaW4tdG9wOiAyMHB4Ow0KIj5EaXNjb3ZlciBub3c8L2E+DQo8L2Rpdj4NCjwvZGl2Pg==[\/vc_raw_html][\/vc_column][\/vc_row]<\/p>\n<\/div>","protected":false},"excerpt":{"rendered":"<p>[vc_row el_class=&#8221;labio-main-slider&#8221;][vc_column][vc_empty_space height=&#8221;25px&#8221;][\/vc_column][\/vc_row][vc_row][vc_column][vc_empty_space height=&#8221;30px&#8221; el_class=&#8221;mobilespacer&#8221;][vc_row_inner type=&#8221;boxed&#8221; content_placement=&#8221;middle&#8221; css=&#8221;.vc_custom_1589471434704{padding-top: 40px !important;padding-bottom: 40px !important;background: #282828 url(https:\/\/labiosthetique.ee\/wp-content\/uploads\/2020\/05\/delivery.jpg?id=7755) !important;}&#8221;][vc_column_inner][vc_custom_heading text=&#8221;Ostukorv \u00fcle 42 \u20ac \u2192 Tasuta tarne&#8221; font_container=&#8221;tag:h2|text_align:center|color:%23ffffff&#8221; use_theme_fonts=&#8221;yes&#8221;][\/vc_column_inner][\/vc_row_inner][vc_empty_space height=&#8221;30px&#8221; el_class=&#8221;mobilespacer&#8221;][\/vc_column][\/vc_row][vc_row][vc_column width=&#8221;1\/6&#8243;][\/vc_column][vc_column width=&#8221;4\/6&#8243;][vc_empty_space height=&#8221;45px&#8221; el_class=&#8221;mobilespacer&#8221;][vc_column_text] La Biosthetique Best Sellers [\/vc_column_text][vc_empty_space height=&#8221;45px&#8221; el_class=&#8221;mobilespacer&#8221;][\/vc_column][vc_column width=&#8221;1\/6&#8243;][\/vc_column][\/vc_row][vc_row][vc_column][vc_empty_space height=&#8221;30px&#8221; el_class=&#8221;mobilespacer&#8221;][\/vc_column][\/vc_row][vc_row][vc_column width=&#8221;2\/3&#8243; el_class=&#8221;banner-big&#8221;][vc_empty_space height=&#8221;30px&#8221; el_class=&#8221;mobilespacer&#8221;][\/vc_column][vc_column width=&#8221;1\/3&#8243; el_class=&#8221;banner-small&#8221;][vc_empty_space height=&#8221;30px&#8221; el_class=&#8221;mobilespacer&#8221;][vc_empty_space height=&#8221;30px&#8221; el_class=&#8221;mobilespacer&#8221;][\/vc_column][\/vc_row][vc_row equal_height=&#8221;yes&#8221; content_placement=&#8221;top&#8221;][vc_column width=&#8221;1\/3&#8243;][\/vc_column][vc_column width=&#8221;1\/3&#8243;][\/vc_column][vc_column width=&#8221;1\/3&#8243;][\/vc_column][\/vc_row][vc_row &hellip;<\/p>\n","protected":false},"author":1,"featured_media":0,"parent":0,"menu_order":0,"comment_status":"closed","ping_status":"closed","template":"","meta":{"footnotes":""},"class_list":["post-8886","page","type-page","status-publish","hentry"],"_links":{"self":[{"href":"https:\/\/labiosthetique.ee\/fi\/wp-json\/wp\/v2\/pages\/8886","targetHints":{"allow":["GET"]}}],"collection":[{"href":"https:\/\/labiosthetique.ee\/fi\/wp-json\/wp\/v2\/pages"}],"about":[{"href":"https:\/\/labiosthetique.ee\/fi\/wp-json\/wp\/v2\/types\/page"}],"author":[{"embeddable":true,"href":"https:\/\/labiosthetique.ee\/fi\/wp-json\/wp\/v2\/users\/1"}],"replies":[{"embeddable":true,"href":"https:\/\/labiosthetique.ee\/fi\/wp-json\/wp\/v2\/comments?post=8886"}],"version-history":[{"count":0,"href":"https:\/\/labiosthetique.ee\/fi\/wp-json\/wp\/v2\/pages\/8886\/revisions"}],"wp:attachment":[{"href":"https:\/\/labiosthetique.ee\/fi\/wp-json\/wp\/v2\/media?parent=8886"}],"curies":[{"name":"wp","href":"https:\/\/api.w.org\/{rel}","templated":true}]}}